{"id":14646,"date":"2025-09-03T10:09:10","date_gmt":"2025-09-03T10:09:10","guid":{"rendered":"https:\/\/themes.potenzaglobalsolutions.com\/sizlo\/?page_id=14646"},"modified":"2026-02-28T18:00:01","modified_gmt":"2026-02-28T15:00:01","slug":"menu-02","status":"publish","type":"page","link":"https:\/\/ademkestaneci.com\/?page_id=14646","title":{"rendered":"Menu List"},"content":{"rendered":"\t\t<div data-elementor-type=\"wp-page\" data-elementor-id=\"14646\" class=\"elementor elementor-14646\">\n\t\t\t\t<div class=\"elementor-element elementor-element-32d5313 e-flex e-con-boxed e-con e-parent\" data-id=\"32d5313\" data-element_type=\"container\" data-settings=\"{&quot;background_background&quot;:&quot;classic&quot;}\">\n\t\t\t\t\t<div class=\"e-con-inner\">\n\t\t\t\t<div class=\"elementor-element elementor-element-179cca2 animated-slow elementor-invisible elementor-widget elementor-widget-heading\" data-id=\"179cca2\" data-element_type=\"widget\" data-settings=\"{&quot;_animation&quot;:&quot;fadeInUp&quot;,&quot;_animation_delay&quot;:300}\" data-widget_type=\"heading.default\">\n\t\t\t\t\t<h2 class=\"elementor-heading-title elementor-size-default\">Ana Yemekler &amp; Sebzeler<\/h2>\t\t\t\t<\/div>\n\t\t<div class=\"elementor-element elementor-element-0f74aae e-con-full animated-slow e-flex elementor-invisible e-con e-child\" data-id=\"0f74aae\" data-element_type=\"container\" data-settings=\"{&quot;animation&quot;:&quot;fadeInUp&quot;,&quot;animation_delay&quot;:300}\">\n\t\t<div class=\"elementor-element elementor-element-4733780 e-con-full e-flex e-con e-child\" data-id=\"4733780\" data-element_type=\"container\">\n\t\t\t\t<div class=\"elementor-element elementor-element-6f0dd25 elementor-widget elementor-widget-image\" data-id=\"6f0dd25\" data-element_type=\"widget\" data-widget_type=\"image.default\">\n\t\t\t\t\t\t\t\t\t\t\t\t\t\t\t<img fetchpriority=\"high\" decoding=\"async\" width=\"640\" height=\"427\" src=\"https:\/\/ademkestaneci.com\/wp-content\/uploads\/2026\/01\/IMG_1751-1024x683.jpg\" class=\"attachment-large size-large wp-image-15829\" alt=\"\" srcset=\"https:\/\/ademkestaneci.com\/wp-content\/uploads\/2026\/01\/IMG_1751-1024x683.jpg 1024w, https:\/\/ademkestaneci.com\/wp-content\/uploads\/2026\/01\/IMG_1751-300x200.jpg 300w, https:\/\/ademkestaneci.com\/wp-content\/uploads\/2026\/01\/IMG_1751-768x512.jpg 768w, https:\/\/ademkestaneci.com\/wp-content\/uploads\/2026\/01\/IMG_1751-1536x1024.jpg 1536w, https:\/\/ademkestaneci.com\/wp-content\/uploads\/2026\/01\/IMG_1751-2048x1365.jpg 2048w, https:\/\/ademkestaneci.com\/wp-content\/uploads\/2026\/01\/IMG_1751-500x333.jpg 500w, https:\/\/ademkestaneci.com\/wp-content\/uploads\/2026\/01\/IMG_1751-600x400.jpg 600w\" sizes=\"(max-width: 640px) 100vw, 640px\" \/>\t\t\t\t\t\t\t\t\t\t\t\t\t\t\t<\/div>\n\t\t\t\t<\/div>\n\t\t<div class=\"elementor-element elementor-element-ec226cd e-con-full e-flex e-con e-child\" data-id=\"ec226cd\" data-element_type=\"container\">\n\t\t\t\t<div class=\"elementor-element elementor-element-23ab323 elementor-widget elementor-widget-image\" data-id=\"23ab323\" data-element_type=\"widget\" data-widget_type=\"image.default\">\n\t\t\t\t\t\t\t\t\t\t\t\t\t\t\t<img decoding=\"async\" width=\"640\" height=\"427\" src=\"https:\/\/ademkestaneci.com\/wp-content\/uploads\/2026\/01\/IMG_1779-1024x683.jpg\" class=\"attachment-large size-large wp-image-15831\" alt=\"\" srcset=\"https:\/\/ademkestaneci.com\/wp-content\/uploads\/2026\/01\/IMG_1779-1024x683.jpg 1024w, https:\/\/ademkestaneci.com\/wp-content\/uploads\/2026\/01\/IMG_1779-300x200.jpg 300w, https:\/\/ademkestaneci.com\/wp-content\/uploads\/2026\/01\/IMG_1779-768x512.jpg 768w, https:\/\/ademkestaneci.com\/wp-content\/uploads\/2026\/01\/IMG_1779-1536x1024.jpg 1536w, https:\/\/ademkestaneci.com\/wp-content\/uploads\/2026\/01\/IMG_1779-2048x1365.jpg 2048w, https:\/\/ademkestaneci.com\/wp-content\/uploads\/2026\/01\/IMG_1779-500x333.jpg 500w, https:\/\/ademkestaneci.com\/wp-content\/uploads\/2026\/01\/IMG_1779-600x400.jpg 600w\" sizes=\"(max-width: 640px) 100vw, 640px\" \/>\t\t\t\t\t\t\t\t\t\t\t\t\t\t\t<\/div>\n\t\t\t\t<\/div>\n\t\t\t\t<\/div>\n\t\t\t\t\t<\/div>\n\t\t\t\t<\/div>\n\t\t<div class=\"elementor-element elementor-element-561947e e-flex e-con-boxed e-con e-parent\" data-id=\"561947e\" data-element_type=\"container\">\n\t\t\t\t\t<div class=\"e-con-inner\">\n\t\t\t\t<div class=\"elementor-element elementor-element-aa8b449 animated-slow elementor-invisible elementor-widget elementor-widget-heading\" data-id=\"aa8b449\" data-element_type=\"widget\" data-settings=\"{&quot;_animation&quot;:&quot;fadeInUp&quot;,&quot;_animation_delay&quot;:300}\" data-widget_type=\"heading.default\">\n\t\t\t\t\t<h2 class=\"elementor-heading-title elementor-size-default\">S\u0131caklar &amp; Tattl\u0131lar<\/h2>\t\t\t\t<\/div>\n\t\t<div class=\"elementor-element elementor-element-a2340dc e-con-full animated-slow e-flex elementor-invisible e-con e-child\" data-id=\"a2340dc\" data-element_type=\"container\" data-settings=\"{&quot;animation&quot;:&quot;fadeInUp&quot;,&quot;animation_delay&quot;:300}\">\n\t\t<div class=\"elementor-element elementor-element-673fb85 e-con-full e-flex e-con e-child\" data-id=\"673fb85\" data-element_type=\"container\">\n\t\t\t\t<div class=\"elementor-element elementor-element-47bd52b elementor-widget elementor-widget-image\" data-id=\"47bd52b\" data-element_type=\"widget\" data-widget_type=\"image.default\">\n\t\t\t\t\t\t\t\t\t\t\t\t\t\t\t<img decoding=\"async\" width=\"640\" height=\"724\" src=\"https:\/\/ademkestaneci.com\/wp-content\/uploads\/2026\/01\/corba.png\" class=\"attachment-large size-large wp-image-15832\" alt=\"\" srcset=\"https:\/\/ademkestaneci.com\/wp-content\/uploads\/2026\/01\/corba.png 779w, https:\/\/ademkestaneci.com\/wp-content\/uploads\/2026\/01\/corba-265x300.png 265w, https:\/\/ademkestaneci.com\/wp-content\/uploads\/2026\/01\/corba-768x869.png 768w, https:\/\/ademkestaneci.com\/wp-content\/uploads\/2026\/01\/corba-500x565.png 500w, https:\/\/ademkestaneci.com\/wp-content\/uploads\/2026\/01\/corba-600x679.png 600w\" sizes=\"(max-width: 640px) 100vw, 640px\" \/>\t\t\t\t\t\t\t\t\t\t\t\t\t\t\t<\/div>\n\t\t<div class=\"elementor-element elementor-element-4d0ab5a e-con-full e-flex e-con e-child\" data-id=\"4d0ab5a\" data-element_type=\"container\">\n\t\t\t\t<\/div>\n\t\t\t\t<\/div>\n\t\t<div class=\"elementor-element elementor-element-7d39aee e-con-full e-flex e-con e-child\" data-id=\"7d39aee\" data-element_type=\"container\">\n\t\t\t\t<div class=\"elementor-element elementor-element-aa75d88 elementor-widget elementor-widget-image\" data-id=\"aa75d88\" data-element_type=\"widget\" data-widget_type=\"image.default\">\n\t\t\t\t\t\t\t\t\t\t\t\t\t\t\t<img loading=\"lazy\" decoding=\"async\" width=\"640\" height=\"724\" src=\"https:\/\/ademkestaneci.com\/wp-content\/uploads\/2026\/01\/antepdolma.png\" class=\"attachment-large size-large wp-image-15833\" alt=\"\" srcset=\"https:\/\/ademkestaneci.com\/wp-content\/uploads\/2026\/01\/antepdolma.png 779w, https:\/\/ademkestaneci.com\/wp-content\/uploads\/2026\/01\/antepdolma-265x300.png 265w, https:\/\/ademkestaneci.com\/wp-content\/uploads\/2026\/01\/antepdolma-768x869.png 768w, https:\/\/ademkestaneci.com\/wp-content\/uploads\/2026\/01\/antepdolma-500x565.png 500w, https:\/\/ademkestaneci.com\/wp-content\/uploads\/2026\/01\/antepdolma-600x679.png 600w\" sizes=\"(max-width: 640px) 100vw, 640px\" \/>\t\t\t\t\t\t\t\t\t\t\t\t\t\t\t<\/div>\n\t\t\t\t<\/div>\n\t\t\t\t<\/div>\n\t\t\t\t\t<\/div>\n\t\t\t\t<\/div>\n\t\t<div class=\"elementor-element elementor-element-18fffd2 e-flex e-con-boxed e-con e-parent\" data-id=\"18fffd2\" data-element_type=\"container\">\n\t\t\t\t\t<div class=\"e-con-inner\">\n\t\t\t\t<div class=\"elementor-element elementor-element-e93a60a elementor-widget elementor-widget-image\" data-id=\"e93a60a\" data-element_type=\"widget\" data-widget_type=\"image.default\">\n\t\t\t\t\t\t\t\t\t\t\t\t\t\t\t<img loading=\"lazy\" decoding=\"async\" width=\"640\" height=\"427\" src=\"https:\/\/ademkestaneci.com\/wp-content\/uploads\/2026\/01\/IMG_1778-1024x683.jpg\" class=\"attachment-large size-large wp-image-15727\" alt=\"\" srcset=\"https:\/\/ademkestaneci.com\/wp-content\/uploads\/2026\/01\/IMG_1778-1024x683.jpg 1024w, https:\/\/ademkestaneci.com\/wp-content\/uploads\/2026\/01\/IMG_1778-300x200.jpg 300w, https:\/\/ademkestaneci.com\/wp-content\/uploads\/2026\/01\/IMG_1778-768x512.jpg 768w, https:\/\/ademkestaneci.com\/wp-content\/uploads\/2026\/01\/IMG_1778-1536x1024.jpg 1536w, https:\/\/ademkestaneci.com\/wp-content\/uploads\/2026\/01\/IMG_1778-2048x1365.jpg 2048w, https:\/\/ademkestaneci.com\/wp-content\/uploads\/2026\/01\/IMG_1778-500x333.jpg 500w, https:\/\/ademkestaneci.com\/wp-content\/uploads\/2026\/01\/IMG_1778-600x400.jpg 600w\" sizes=\"(max-width: 640px) 100vw, 640px\" \/>\t\t\t\t\t\t\t\t\t\t\t\t\t\t\t<\/div>\n\t\t\t\t\t<\/div>\n\t\t\t\t<\/div>\n\t\t<div class=\"elementor-element elementor-element-3e36169 e-flex e-con-boxed e-con e-parent\" data-id=\"3e36169\" data-element_type=\"container\">\n\t\t\t\t\t<div class=\"e-con-inner\">\n\t\t\t\t\t<\/div>\n\t\t\t\t<\/div>\n\t\t<div class=\"elementor-element elementor-element-0eaa24b e-flex e-con-boxed e-con e-parent\" data-id=\"0eaa24b\" data-element_type=\"container\">\n\t\t\t\t\t<div class=\"e-con-inner\">\n\t\t\t\t<div class=\"elementor-element elementor-element-7236739 elementor-widget elementor-widget-image\" data-id=\"7236739\" data-element_type=\"widget\" data-widget_type=\"image.default\">\n\t\t\t\t\t\t\t\t\t\t\t\t\t\t\t<img loading=\"lazy\" decoding=\"async\" width=\"640\" height=\"427\" src=\"https:\/\/ademkestaneci.com\/wp-content\/uploads\/2026\/01\/IMG_1826-1024x683.jpg\" class=\"attachment-large size-large wp-image-15731\" alt=\"\" srcset=\"https:\/\/ademkestaneci.com\/wp-content\/uploads\/2026\/01\/IMG_1826-1024x683.jpg 1024w, https:\/\/ademkestaneci.com\/wp-content\/uploads\/2026\/01\/IMG_1826-300x200.jpg 300w, https:\/\/ademkestaneci.com\/wp-content\/uploads\/2026\/01\/IMG_1826-768x512.jpg 768w, https:\/\/ademkestaneci.com\/wp-content\/uploads\/2026\/01\/IMG_1826-1536x1024.jpg 1536w, https:\/\/ademkestaneci.com\/wp-content\/uploads\/2026\/01\/IMG_1826-2048x1365.jpg 2048w, https:\/\/ademkestaneci.com\/wp-content\/uploads\/2026\/01\/IMG_1826-500x333.jpg 500w, https:\/\/ademkestaneci.com\/wp-content\/uploads\/2026\/01\/IMG_1826-600x400.jpg 600w\" sizes=\"(max-width: 640px) 100vw, 640px\" \/>\t\t\t\t\t\t\t\t\t\t\t\t\t\t\t<\/div>\n\t\t\t\t\t<\/div>\n\t\t\t\t<\/div>\n\t\t<div class=\"elementor-element elementor-element-11cfe59 e-flex e-con-boxed e-con e-parent\" data-id=\"11cfe59\" data-element_type=\"container\">\n\t\t\t\t\t<div class=\"e-con-inner\">\n\t\t\t\t<div class=\"elementor-element elementor-element-f930905 elementor-widget-laptop__width-initial elementor-widget elementor-widget-text-editor\" data-id=\"f930905\" data-element_type=\"widget\" data-widget_type=\"text-editor.default\">\n\t\t\t\t\t\t\t\t\t<h4><strong>Menu Yemek Listesi<\/strong><\/h4>\n<h3><span style=\"font-family: 'Josefin Sans', sans-serif; font-size: 19px;\">&nbsp;<\/span><b>Ara S\u0131caklar<\/b><\/h3>\n<h5 style=\"font-weight: 400; line-height: 38px; color: #ffffff; font-size: 28px; font-family: 'Playfair Display', sans-serif; word-spacing: 0px; letter-spacing: normal; text-align: start; font-style: normal;\">\u00c7orba \u2013 100 \u20ba<\/h5>\n<h5>\u0130\u00e7li K\u00f6fte \u2013 145 \u20ba<\/h5>\n<h5>F\u0131r\u0131n Mantar \u2013 145 \u20ba<\/h5>\n<h5>Perde Pilav \u2013 300 \u20ba<\/h5>\n<h5>Patates Tava \u2013 150 \u20ba<\/h5>\n<h5>&nbsp;<\/h5>\n<h3>Salatalar<\/h3>\n<h5>Gavurda\u011f\u0131 Salata \u2013 180 \u20ba<\/h5>\n<h5>\u00c7oban Salata \u2013 150 \u20ba<\/h5>\n<h5>Mevsim Salata \u2013 150 \u20ba<\/h5>\n<h5>Piyaz \u2013 150 \u20ba<\/h5>\n<div>\n<h5 style=\"font-weight: 400; line-height: 38px; color: #ffffff; font-size: 28px; font-family: 'Playfair Display', sans-serif; word-spacing: 0px; letter-spacing: normal; text-align: start; font-style: normal;\">\u00c7i\u011f K\u00f6fte \u2013 200 \u20ba<\/h5>\n<div>\n<h5 style=\"font-weight: 400; line-height: 38px; color: #ffffff; font-size: 28px; font-family: 'Playfair Display', sans-serif; word-spacing: 0px; letter-spacing: normal; text-align: start; font-style: normal;\">Enginar \u2013 240 \u20ba<\/h5>\n<h5 style=\"font-weight: 400; line-height: 38px; color: #ffffff; font-size: 28px; font-family: 'Playfair Display', sans-serif; word-spacing: 0px; letter-spacing: normal; text-align: start; font-style: normal;\">Patl\u0131can Salatas\u0131 \u2013 180 \u20ba<\/h5>\n<h5 style=\"font-weight: 400; line-height: 38px; color: #ffffff; font-size: 28px; font-family: 'Playfair Display', sans-serif; word-spacing: 0px; letter-spacing: normal; text-align: start; font-style: normal;\">\u015eak\u015fuka \u2013 180 \u20ba<\/h5>\n<h5 style=\"font-weight: 400; line-height: 38px; color: #ffffff; font-size: 28px; font-family: 'Playfair Display', sans-serif; word-spacing: 0px; letter-spacing: normal; text-align: start; font-style: normal;\">Kabak R\u00fcyas\u0131 \u2013 200 \u20ba<\/h5>\n<h5 style=\"font-weight: 400; line-height: 38px; color: #ffffff; font-size: 28px; font-family: 'Playfair Display', sans-serif; word-spacing: 0px; letter-spacing: normal; text-align: start; font-style: normal;\">Atom \u2013 180 \u20ba<\/h5>\n<\/div>\n<\/div>\n<div>&nbsp;<\/div>\n<h4>&nbsp;<\/h4>\n<h3>F\u0131r\u0131ndan<\/h3>\n<h5>F\u0131r\u0131n \/ Pide &amp; Lahmacun<\/h5>\n<h5>Lahmacun \u2013 125 \u20ba<\/h5>\n<h5>Ku\u015fba\u015f\u0131l\u0131 Pide \u2013 330 \u20ba<\/h5>\n<h5>K\u0131ymal\u0131 Pide \u2013 300 \u20ba<\/h5>\n<h5>Ka\u015farl\u0131 Pide \u2013 250 \u20ba<\/h5>\n<h5>Ka\u015farl\u0131 Sucuklu Pide \u2013 300 \u20ba<\/h5>\n<h5>Kar\u0131\u015f\u0131k Pide \u2013 350 \u20ba<\/h5>\n<h3>&nbsp;<\/h3>\n<h3>Izgaralar<\/h3>\n<h5>\u0130skender \u2013 480 \u20ba<\/h5>\n<h5>D\u00f6ner \u2013 400 \u20ba<\/h5>\n<h5>Pilav \u00dcst\u00fc D\u00f6ner \u2013 440 \u20ba<\/h5>\n<h5>Izgara K\u00f6fte \u2013 350 \u20ba<\/h5>\n<h5>Ka\u015farl\u0131 K\u00f6fte \u2013 400 \u20ba<\/h5>\n<h5>Fors K\u00f6fte \u2013 400 \u20ba<\/h5>\n<h5>Kar\u0131\u015f\u0131k K\u00f6fte \u2013 400 \u20ba<\/h5>\n<h5>Kuzu \u015ei\u015f \u2013 570 \u20ba<\/h5>\n<h5>K\u00fclbast\u0131 \u2013 750 \u20ba<\/h5>\n<h5>Kuzu Lokum \u2013 750 \u20ba<\/h5>\n<h5>Dana Antrikot \u2013 750 \u20ba<\/h5>\n<h5>Adana \/ Urfa \u2013 400 \u20ba<\/h5>\n<h5>Izgaralar (Di\u011fer)<\/h5>\n<h5>Kuzu Bonfile \u2013 750 \u20ba<\/h5>\n<h5>Kar\u0131\u015f\u0131k Izgara \u2013 1000 \u20ba<\/h5>\n<h5>Tavuk \u015ei\u015f \u2013 350 \u20ba<\/h5>\n<h5>Porsiyon Kanat \u2013 420 \u20ba<\/h5>\n<h5>Tavuk Izgara \u2013 390 \u20ba<\/h5>\n<h3>&nbsp;<\/h3>\n<h3>D\u00fcr\u00fcmler<\/h3>\n<h5>D\u00f6ner D\u00fcr\u00fcm \u2013 300 \u20ba<\/h5>\n<h5>Pide D\u00f6ner \u2013 300 \u20ba<\/h5>\n<h5>Adana \/ Urfa D\u00fcr\u00fcm \u2013 300 \u20ba<\/h5>\n<h5>Tavuk \u015ei\u015f D\u00fcr\u00fcm \u2013 280 \u20ba<\/h5>\n<h5>Kuzu \u015ei\u015f D\u00fcr\u00fcm \u2013 400 \u20ba<\/h5>\n<h3>&nbsp;<\/h3>\n<h3>Tatl\u0131lar<\/h3>\n<h5>S\u00fctla\u00e7 \u2013 125 \u20ba<\/h5>\n<h5>Dondurmal\u0131 \u0130rmik \u2013 250 \u20ba<\/h5>\n<h5>\u0130rmik Tatl\u0131s\u0131 \u2013 120 \u20ba<\/h5>\n<h5>\u015eekerpare \u2013 120 \u20ba<\/h5>\n<h5>K\u00fcnefe \u2013 250 \u20ba<\/h5>\n<h5>Antep Dolmas\u0131 \u2013 250 \u20ba<\/h5>\n<h5>K\u0131zarm\u0131\u015f Dondurma \u2013 250 \u20ba<\/h5>\n<h3>&nbsp;<\/h3>\n<h3>\u0130\u00e7ecekler<\/h3>\n<h5>Coca Cola \/ Fanta \/ Sprite \u2013 75 \u20ba<\/h5>\n<h5>Meyve Suyu \/ Ice Tea \u2013 75 \u20ba<\/h5>\n<h5>\u015e\u0131ra \u2013 120 \u20ba<\/h5>\n<h5>\u015ealgam \u2013 75 \u20ba<\/h5>\n<h5>Ayran \u2013 60 \u20ba<\/h5>\n<h5>Soda \u2013 40 \u20ba<\/h5>\n<h5>Su \u2013 15 \u20ba<\/h5>\t\t\t\t\t\t\t\t<\/div>\n\t\t\t\t\t<\/div>\n\t\t\t\t<\/div>\n\t\t<div class=\"elementor-element elementor-element-e5839b8 e-flex e-con-boxed e-con e-parent\" data-id=\"e5839b8\" data-element_type=\"container\">\n\t\t\t\t\t<div class=\"e-con-inner\">\n\t\t\t\t<div class=\"elementor-element elementor-element-abf8489 elementor-widget elementor-widget-heading\" data-id=\"abf8489\" data-element_type=\"widget\" data-widget_type=\"heading.default\">\n\t\t\t\t\t<h2 class=\"elementor-heading-title elementor-size-default\">Ba\u015fl\u0131k Metninizi Buraya Ekleyin<\/h2>\t\t\t\t<\/div>\n\t\t\t\t\t<\/div>\n\t\t\t\t<\/div>\n\t\t<div class=\"elementor-element elementor-element-4b9048f e-flex e-con-boxed e-con e-parent\" data-id=\"4b9048f\" data-element_type=\"container\">\n\t\t\t\t\t<div class=\"e-con-inner\">\n\t\t\t\t<div class=\"elementor-element elementor-element-d49fc65 e-n-tabs-mobile elementor-widget elementor-widget-n-tabs\" data-id=\"d49fc65\" data-element_type=\"widget\" data-settings=\"{&quot;horizontal_scroll&quot;:&quot;disable&quot;}\" data-widget_type=\"nested-tabs.default\">\n\t\t\t\t\t\t\t<div class=\"e-n-tabs\" data-widget-number=\"222952549\" aria-label=\"Sekmeler. Enter ve Space ile \u00f6geleri a\u00e7abilir, Escape ile \u00f6geleri kapatabilir ve Y\u00f6n tu\u015flar\u0131 ile \u00f6geler aras\u0131nda gezinebilirsiniz.\">\n\t\t\t<div class=\"e-n-tabs-heading\" role=\"tablist\">\n\t\t\t\t\t<button id=\"e-n-tab-title-2229525491\" data-tab-title-id=\"e-n-tab-title-2229525491\" class=\"e-n-tab-title\" aria-selected=\"true\" data-tab-index=\"1\" role=\"tab\" tabindex=\"0\" aria-controls=\"e-n-tab-content-2229525491\" style=\"--n-tabs-title-order: 1;\">\n\t\t\t\t\t\t<span class=\"e-n-tab-title-text\">\n\t\t\t\tSekme #1\t\t\t<\/span>\n\t\t<\/button>\n\t\t\t\t<button id=\"e-n-tab-title-2229525492\" data-tab-title-id=\"e-n-tab-title-2229525492\" class=\"e-n-tab-title\" aria-selected=\"false\" data-tab-index=\"2\" role=\"tab\" tabindex=\"-1\" aria-controls=\"e-n-tab-content-2229525492\" style=\"--n-tabs-title-order: 2;\">\n\t\t\t\t\t\t<span class=\"e-n-tab-title-text\">\n\t\t\t\tSekme #2\t\t\t<\/span>\n\t\t<\/button>\n\t\t\t\t<button id=\"e-n-tab-title-2229525493\" data-tab-title-id=\"e-n-tab-title-2229525493\" class=\"e-n-tab-title\" aria-selected=\"false\" data-tab-index=\"3\" role=\"tab\" tabindex=\"-1\" aria-controls=\"e-n-tab-content-2229525493\" style=\"--n-tabs-title-order: 3;\">\n\t\t\t\t\t\t<span class=\"e-n-tab-title-text\">\n\t\t\t\tSekme #3\t\t\t<\/span>\n\t\t<\/button>\n\t\t\t\t\t<\/div>\n\t\t\t<div class=\"e-n-tabs-content\">\n\t\t\t\t<div id=\"e-n-tab-content-2229525491\" role=\"tabpanel\" aria-labelledby=\"e-n-tab-title-2229525491\" data-tab-index=\"1\" style=\"--n-tabs-title-order: 1;\" class=\"e-active elementor-element elementor-element-dae9f6a e-con-full e-flex e-con e-child\" data-id=\"dae9f6a\" data-element_type=\"container\">\n\t\t\t\t<\/div>\n\t\t<div id=\"e-n-tab-content-2229525492\" role=\"tabpanel\" aria-labelledby=\"e-n-tab-title-2229525492\" data-tab-index=\"2\" style=\"--n-tabs-title-order: 2;\" class=\" elementor-element elementor-element-ec2531d e-con-full e-flex e-con e-child\" data-id=\"ec2531d\" data-element_type=\"container\">\n\t\t\t\t<\/div>\n\t\t<div id=\"e-n-tab-content-2229525493\" role=\"tabpanel\" aria-labelledby=\"e-n-tab-title-2229525493\" data-tab-index=\"3\" style=\"--n-tabs-title-order: 3;\" class=\" elementor-element elementor-element-b62f7b5 e-con-full e-flex e-con e-child\" data-id=\"b62f7b5\" data-element_type=\"container\">\n\t\t\t\t<\/div>\n\t\t\t\t\t<\/div>\n\t\t<\/div>\n\t\t\t\t\t\t<\/div>\n\t\t\t\t\t<\/div>\n\t\t\t\t<\/div>\n\t\t\t\t<\/div>\n\t\t","protected":false},"excerpt":{"rendered":"<p>Ana Yemekler &amp; Sebzeler S\u0131caklar &amp; Tattl\u0131lar Menu Yemek Listesi &nbsp;Ara S\u0131caklar \u00c7orba \u2013 100 \u20ba \u0130\u00e7li K\u00f6fte \u2013 145 \u20ba F\u0131r\u0131n Mantar \u2013 145 \u20ba Perde Pilav \u2013 300 [&hellip;]<\/p>\n","protected":false},"author":1,"featured_media":0,"parent":0,"menu_order":0,"comment_status":"closed","ping_status":"closed","template":"elementor_header_footer","meta":{"_acf_changed":false,"footnotes":""},"class_list":["post-14646","page","type-page","status-publish","hentry"],"acf":[],"_links":{"self":[{"href":"https:\/\/ademkestaneci.com\/index.php?rest_route=\/wp\/v2\/pages\/14646","targetHints":{"allow":["GET"]}}],"collection":[{"href":"https:\/\/ademkestaneci.com\/index.php?rest_route=\/wp\/v2\/pages"}],"about":[{"href":"https:\/\/ademkestaneci.com\/index.php?rest_route=\/wp\/v2\/types\/page"}],"author":[{"embeddable":true,"href":"https:\/\/ademkestaneci.com\/index.php?rest_route=\/wp\/v2\/users\/1"}],"replies":[{"embeddable":true,"href":"https:\/\/ademkestaneci.com\/index.php?rest_route=%2Fwp%2Fv2%2Fcomments&post=14646"}],"version-history":[{"count":58,"href":"https:\/\/ademkestaneci.com\/index.php?rest_route=\/wp\/v2\/pages\/14646\/revisions"}],"predecessor-version":[{"id":15952,"href":"https:\/\/ademkestaneci.com\/index.php?rest_route=\/wp\/v2\/pages\/14646\/revisions\/15952"}],"wp:attachment":[{"href":"https:\/\/ademkestaneci.com\/index.php?rest_route=%2Fwp%2Fv2%2Fmedia&parent=14646"}],"curies":[{"name":"wp","href":"https:\/\/api.w.org\/{rel}","templated":true}]}}