{"id":9323,"date":"2025-07-14T05:52:05","date_gmt":"2025-07-14T05:52:05","guid":{"rendered":"https:\/\/themes.potenzaglobalsolutions.com\/sizlo\/?page_id=9323"},"modified":"2026-02-26T11:23:07","modified_gmt":"2026-02-26T08:23:07","slug":"about-us","status":"publish","type":"page","link":"https:\/\/ademkestaneci.com\/?page_id=9323","title":{"rendered":"Hakk\u0131m\u0131zda"},"content":{"rendered":"\t\t<div data-elementor-type=\"wp-page\" data-elementor-id=\"9323\" class=\"elementor elementor-9323\">\n\t\t\t\t<div class=\"elementor-element elementor-element-132c5e9 e-flex e-con-boxed e-con e-parent\" data-id=\"132c5e9\" data-element_type=\"container\" data-settings=\"{&quot;background_background&quot;:&quot;classic&quot;}\">\n\t\t\t\t\t<div class=\"e-con-inner\">\n\t\t<div class=\"elementor-element elementor-element-7ef1441 e-con-full e-flex e-con e-child\" data-id=\"7ef1441\" data-element_type=\"container\">\n\t\t<div class=\"elementor-element elementor-element-e4be889 e-con-full e-flex e-con e-child\" data-id=\"e4be889\" data-element_type=\"container\">\n\t\t<div class=\"elementor-element elementor-element-34e7115 e-con-full animated-slow e-flex elementor-invisible e-con e-child\" data-id=\"34e7115\" data-element_type=\"container\" data-settings=\"{&quot;animation&quot;:&quot;fadeInLeft&quot;,&quot;animation_delay&quot;:300}\">\n\t\t\t\t<div class=\"elementor-element elementor-element-4c64c53 elementor-widget elementor-widget-image\" data-id=\"4c64c53\" data-element_type=\"widget\" data-widget_type=\"image.default\">\n\t\t\t\t\t\t\t\t\t\t\t\t\t\t\t<img fetchpriority=\"high\" decoding=\"async\" width=\"2560\" height=\"1707\" src=\"https:\/\/ademkestaneci.com\/wp-content\/uploads\/2026\/01\/IMG_2254-scaled.jpg\" class=\"attachment-full size-full wp-image-15822\" alt=\"\" srcset=\"https:\/\/ademkestaneci.com\/wp-content\/uploads\/2026\/01\/IMG_2254-scaled.jpg 2560w, https:\/\/ademkestaneci.com\/wp-content\/uploads\/2026\/01\/IMG_2254-300x200.jpg 300w, https:\/\/ademkestaneci.com\/wp-content\/uploads\/2026\/01\/IMG_2254-1024x683.jpg 1024w, https:\/\/ademkestaneci.com\/wp-content\/uploads\/2026\/01\/IMG_2254-768x512.jpg 768w, https:\/\/ademkestaneci.com\/wp-content\/uploads\/2026\/01\/IMG_2254-1536x1024.jpg 1536w, https:\/\/ademkestaneci.com\/wp-content\/uploads\/2026\/01\/IMG_2254-2048x1365.jpg 2048w, https:\/\/ademkestaneci.com\/wp-content\/uploads\/2026\/01\/IMG_2254-500x333.jpg 500w, https:\/\/ademkestaneci.com\/wp-content\/uploads\/2026\/01\/IMG_2254-600x400.jpg 600w\" sizes=\"(max-width: 2560px) 100vw, 2560px\" \/>\t\t\t\t\t\t\t\t\t\t\t\t\t\t\t<\/div>\n\t\t\t\t<\/div>\n\t\t<div class=\"elementor-element elementor-element-c248197 e-con-full animated-slow e-flex elementor-invisible e-con e-child\" data-id=\"c248197\" data-element_type=\"container\" data-settings=\"{&quot;animation&quot;:&quot;fadeInLeft&quot;,&quot;animation_delay&quot;:300}\">\n\t\t\t\t<div class=\"elementor-element elementor-element-0764071 elementor-widget elementor-widget-image\" data-id=\"0764071\" data-element_type=\"widget\" data-widget_type=\"image.default\">\n\t\t\t\t\t\t\t\t\t\t\t\t\t\t\t<img decoding=\"async\" width=\"2560\" height=\"1707\" src=\"https:\/\/ademkestaneci.com\/wp-content\/uploads\/2026\/01\/IMG_1816-scaled.jpg\" class=\"attachment-full size-full wp-image-15823\" alt=\"\" srcset=\"https:\/\/ademkestaneci.com\/wp-content\/uploads\/2026\/01\/IMG_1816-scaled.jpg 2560w, https:\/\/ademkestaneci.com\/wp-content\/uploads\/2026\/01\/IMG_1816-300x200.jpg 300w, https:\/\/ademkestaneci.com\/wp-content\/uploads\/2026\/01\/IMG_1816-1024x683.jpg 1024w, https:\/\/ademkestaneci.com\/wp-content\/uploads\/2026\/01\/IMG_1816-768x512.jpg 768w, https:\/\/ademkestaneci.com\/wp-content\/uploads\/2026\/01\/IMG_1816-1536x1024.jpg 1536w, https:\/\/ademkestaneci.com\/wp-content\/uploads\/2026\/01\/IMG_1816-2048x1365.jpg 2048w, https:\/\/ademkestaneci.com\/wp-content\/uploads\/2026\/01\/IMG_1816-500x333.jpg 500w, https:\/\/ademkestaneci.com\/wp-content\/uploads\/2026\/01\/IMG_1816-600x400.jpg 600w\" sizes=\"(max-width: 2560px) 100vw, 2560px\" \/>\t\t\t\t\t\t\t\t\t\t\t\t\t\t\t<\/div>\n\t\t\t\t<\/div>\n\t\t\t\t<\/div>\n\t\t<div class=\"elementor-element elementor-element-4db8ad1 e-con-full e-flex e-con e-child\" data-id=\"4db8ad1\" data-element_type=\"container\">\n\t\t\t\t<div class=\"elementor-element elementor-element-3a92c8e animated-slow elementor-invisible elementor-widget elementor-widget-heading\" data-id=\"3a92c8e\" data-element_type=\"widget\" data-settings=\"{&quot;_animation&quot;:&quot;fadeInUp&quot;,&quot;_animation_delay&quot;:300}\" data-widget_type=\"heading.default\">\n\t\t\t\t\t<h2 class=\"elementor-heading-title elementor-size-default\">Tazeli\u011fe ve kaliteye olan ba\u011fl\u0131l\u0131\u011f\u0131m\u0131z<\/h2>\t\t\t\t<\/div>\n\t\t\t\t<div class=\"elementor-element elementor-element-b40b4b8 animated-slow elementor-invisible elementor-widget elementor-widget-text-editor\" data-id=\"b40b4b8\" data-element_type=\"widget\" data-settings=\"{&quot;_animation&quot;:&quot;fadeInUp&quot;,&quot;_animation_delay&quot;:300}\" data-widget_type=\"text-editor.default\">\n\t\t\t\t\t\t\t\t\t<p>Bizce ola\u011fan\u00fcst\u00fc yemek deneyimi en kaliteli malzemelerle ba\u015flar. Bu y\u00fczden sadece en taze \u00fcr\u00fcnleri ve y\u00fcksek kaliteli baharatlar\u0131, genellikle g\u00fcvenilir yerel \u00e7ift\u00e7ilerden temin ediyoruz.<\/p>\t\t\t\t\t\t\t\t<\/div>\n\t\t\t\t<div class=\"elementor-element elementor-element-eb94fec animated-slow elementor-invisible elementor-widget elementor-widget-button\" data-id=\"eb94fec\" data-element_type=\"widget\" data-settings=\"{&quot;_animation&quot;:&quot;fadeInUp&quot;,&quot;_animation_delay&quot;:300}\" data-widget_type=\"button.default\">\n\t\t\t\t\t\t\t\t\t\t<a class=\"elementor-button elementor-button-link elementor-size-sm\" href=\"http:\/\/ademkestaneci.com\/about-us\/\">\n\t\t\t\t\t\t<span class=\"elementor-button-content-wrapper\">\n\t\t\t\t\t\t<span class=\"elementor-button-icon\">\n\t\t\t\t<i aria-hidden=\"true\" class=\"bi bi-arrow-right\"><\/i>\t\t\t<\/span>\n\t\t\t\t\t\t\t\t\t<span class=\"elementor-button-text\">Daha Falas\u0131<\/span>\n\t\t\t\t\t<\/span>\n\t\t\t\t\t<\/a>\n\t\t\t\t\t\t\t\t<\/div>\n\t\t\t\t<\/div>\n\t\t\t\t<\/div>\n\t\t<div class=\"elementor-element elementor-element-e694a78 e-grid e-con-full animated-slow elementor-invisible e-con e-child\" data-id=\"e694a78\" data-element_type=\"container\" data-settings=\"{&quot;animation&quot;:&quot;fadeInUp&quot;,&quot;animation_delay&quot;:300}\">\n\t\t<div class=\"elementor-element elementor-element-2073147 e-con-full e-flex e-con e-child\" data-id=\"2073147\" data-element_type=\"container\">\n\t\t\t\t<div class=\"elementor-element elementor-element-375a97e elementor-position-top elementor-widget elementor-widget-image-box\" data-id=\"375a97e\" data-element_type=\"widget\" data-widget_type=\"image-box.default\">\n\t\t\t\t\t<div class=\"elementor-image-box-wrapper\"><figure class=\"elementor-image-box-img\"><img decoding=\"async\" width=\"100\" height=\"100\" src=\"https:\/\/ademkestaneci.com\/wp-content\/uploads\/2025\/08\/everyday-open.png\" class=\"attachment-full size-full wp-image-13146\" alt=\"\" \/><\/figure><div class=\"elementor-image-box-content\"><h3 class=\"elementor-image-box-title\">Her g\u00fcn a\u00e7\u0131k<\/h3><p class=\"elementor-image-box-description\">Adem Kestaneci'de harika yemekler ve g\u00fczel zamanlar i\u00e7in tatil yok. Her g\u00fcn a\u00e7\u0131\u011f\u0131z ve sizi taze lezzetlerle a\u011f\u0131rlamaya haz\u0131r\u0131z.<\/p><\/div><\/div>\t\t\t\t<\/div>\n\t\t\t\t<\/div>\n\t\t<div class=\"elementor-element elementor-element-dc57379 e-con-full e-flex e-con e-child\" data-id=\"dc57379\" data-element_type=\"container\">\n\t\t\t\t<div class=\"elementor-element elementor-element-85243ad elementor-position-top elementor-widget elementor-widget-image-box\" data-id=\"85243ad\" data-element_type=\"widget\" data-widget_type=\"image-box.default\">\n\t\t\t\t\t<div class=\"elementor-image-box-wrapper\"><figure class=\"elementor-image-box-img\"><img loading=\"lazy\" decoding=\"async\" width=\"100\" height=\"100\" src=\"https:\/\/ademkestaneci.com\/wp-content\/uploads\/2025\/08\/special-dishes.png\" class=\"attachment-full size-full wp-image-13126\" alt=\"\" \/><\/figure><div class=\"elementor-image-box-content\"><h3 class=\"elementor-image-box-title\">\u00d6zel Yemekler<\/h3><p class=\"elementor-image-box-description\">\u015eeflerimizin \u00f6zenle haz\u0131rlad\u0131\u011f\u0131, birinci s\u0131n\u0131f malzemelerle ve cesur, unutulmaz lezzetlerle yap\u0131lan \u00f6zel yemeklerimizin tad\u0131n\u0131 \u00e7\u0131kar\u0131n.<\/p><\/div><\/div>\t\t\t\t<\/div>\n\t\t\t\t<\/div>\n\t\t<div class=\"elementor-element elementor-element-11b2829 e-con-full e-flex e-con e-child\" data-id=\"11b2829\" data-element_type=\"container\">\n\t\t\t\t<div class=\"elementor-element elementor-element-c9a4eeb elementor-position-top elementor-widget elementor-widget-image-box\" data-id=\"c9a4eeb\" data-element_type=\"widget\" data-widget_type=\"image-box.default\">\n\t\t\t\t\t<div class=\"elementor-image-box-wrapper\"><figure class=\"elementor-image-box-img\"><img loading=\"lazy\" decoding=\"async\" width=\"100\" height=\"100\" src=\"https:\/\/ademkestaneci.com\/wp-content\/uploads\/2025\/08\/expert-chef.png\" class=\"attachment-full size-full wp-image-13145\" alt=\"\" \/><\/figure><div class=\"elementor-image-box-content\"><h3 class=\"elementor-image-box-title\">Uzman \u015eef<\/h3><p class=\"elementor-image-box-description\">Yetenekli \u015feflerimiz tutku ve uzmanl\u0131\u011f\u0131 birle\u015ftirerek her yeme\u011fi yarat\u0131c\u0131 bir sunumla haz\u0131rl\u0131yor.<\/p><\/div><\/div>\t\t\t\t<\/div>\n\t\t\t\t<\/div>\n\t\t<div class=\"elementor-element elementor-element-9694669 e-con-full e-flex e-con e-child\" data-id=\"9694669\" data-element_type=\"container\">\n\t\t\t\t<div class=\"elementor-element elementor-element-b2fa37d elementor-position-top elementor-widget elementor-widget-image-box\" data-id=\"b2fa37d\" data-element_type=\"widget\" data-widget_type=\"image-box.default\">\n\t\t\t\t\t<div class=\"elementor-image-box-wrapper\"><figure class=\"elementor-image-box-img\"><img loading=\"lazy\" decoding=\"async\" width=\"100\" height=\"100\" src=\"https:\/\/ademkestaneci.com\/wp-content\/uploads\/2025\/08\/delicious-taste-1.png\" class=\"attachment-full size-full wp-image-13125\" alt=\"\" \/><\/figure><div class=\"elementor-image-box-content\"><h3 class=\"elementor-image-box-title\">Lezzetli Tatlar<\/h3><p class=\"elementor-image-box-description\">Her yemek \u00f6zenle haz\u0131rlan\u0131r, taze malzemeler ve zengin lezzetler sunularak her lokma ger\u00e7ekten keyif verici hale getirilir.<\/p><\/div><\/div>\t\t\t\t<\/div>\n\t\t\t\t<\/div>\n\t\t\t\t<\/div>\n\t\t\t\t\t<\/div>\n\t\t\t\t<\/div>\n\t\t<div class=\"elementor-element elementor-element-e65d7c4 e-con-full e-flex e-con e-parent\" data-id=\"e65d7c4\" data-element_type=\"container\" data-settings=\"{&quot;background_background&quot;:&quot;classic&quot;}\">\n\t\t\t\t<\/div>\n\t\t<div class=\"elementor-element elementor-element-e659f83 e-flex e-con-boxed e-con e-parent\" data-id=\"e659f83\" data-element_type=\"container\" data-settings=\"{&quot;background_background&quot;:&quot;classic&quot;}\">\n\t\t\t\t\t<div class=\"e-con-inner\">\n\t\t<div class=\"elementor-element elementor-element-56c1257 e-con-full animated-slow e-flex elementor-invisible e-con e-child\" data-id=\"56c1257\" data-element_type=\"container\" data-settings=\"{&quot;animation&quot;:&quot;fadeInUp&quot;,&quot;animation_delay&quot;:300}\">\n\t\t<div class=\"elementor-element elementor-element-e46dfca e-con-full e-flex e-con e-child\" data-id=\"e46dfca\" data-element_type=\"container\" data-settings=\"{&quot;background_background&quot;:&quot;classic&quot;}\">\n\t\t\t\t<div class=\"elementor-element elementor-element-5bcb3b6 elementor-hidden-laptop elementor-hidden-tablet elementor-hidden-mobile elementor-widget-laptop__width-initial elementor-widget elementor-widget-image\" data-id=\"5bcb3b6\" data-element_type=\"widget\" data-widget_type=\"image.default\">\n\t\t\t\t\t\t\t\t\t\t\t\t\t\t\t<img decoding=\"async\" src=\"http:\/\/ademkestaneci.com\/wp-content\/uploads\/2026\/01\/slider07-scaled.png\" title=\"\" alt=\"\" loading=\"lazy\" \/>\t\t\t\t\t\t\t\t\t\t\t\t\t\t\t<\/div>\n\t\t\t\t<\/div>\n\t\t<div class=\"elementor-element elementor-element-a755aa2 e-con-full e-flex e-con e-child\" data-id=\"a755aa2\" data-element_type=\"container\" data-settings=\"{&quot;background_background&quot;:&quot;classic&quot;}\">\n\t\t\t\t<div class=\"elementor-element elementor-element-132bdca elementor-absolute elementor-widget elementor-widget-image\" data-id=\"132bdca\" data-element_type=\"widget\" data-settings=\"{&quot;_position&quot;:&quot;absolute&quot;}\" data-widget_type=\"image.default\">\n\t\t\t\t\t\t\t\t\t\t\t\t\t\t\t<img loading=\"lazy\" decoding=\"async\" width=\"636\" height=\"674\" src=\"https:\/\/ademkestaneci.com\/wp-content\/uploads\/2025\/08\/Opening-hours-bg.png\" class=\"attachment-full size-full wp-image-12843\" alt=\"\" srcset=\"https:\/\/ademkestaneci.com\/wp-content\/uploads\/2025\/08\/Opening-hours-bg.png 636w, https:\/\/ademkestaneci.com\/wp-content\/uploads\/2025\/08\/Opening-hours-bg-500x530.png 500w, https:\/\/ademkestaneci.com\/wp-content\/uploads\/2025\/08\/Opening-hours-bg-600x636.png 600w, https:\/\/ademkestaneci.com\/wp-content\/uploads\/2025\/08\/Opening-hours-bg-283x300.png 283w\" sizes=\"(max-width: 636px) 100vw, 636px\" \/>\t\t\t\t\t\t\t\t\t\t\t\t\t\t\t<\/div>\n\t\t\t\t<div class=\"elementor-element elementor-element-a0267a2 elementor-invisible elementor-widget elementor-widget-heading\" data-id=\"a0267a2\" data-element_type=\"widget\" data-settings=\"{&quot;_animation&quot;:&quot;fadeInUp&quot;,&quot;_animation_delay&quot;:300}\" data-widget_type=\"heading.default\">\n\t\t\t\t\t<h2 class=\"elementor-heading-title elementor-size-default\">Adem KESTANAC\u0130<\/h2>\t\t\t\t<\/div>\n\t\t\t\t<div class=\"elementor-element elementor-element-c93cc4f elementor-invisible elementor-widget elementor-widget-text-editor\" data-id=\"c93cc4f\" data-element_type=\"widget\" data-settings=\"{&quot;_animation&quot;:&quot;fadeInUp&quot;,&quot;_animation_delay&quot;:300}\" data-widget_type=\"text-editor.default\">\n\t\t\t\t\t\t\t\t\t<p>\u0130stanbul Turkiye<\/p>\t\t\t\t\t\t\t\t<\/div>\n\t\t\t\t<div class=\"elementor-element elementor-element-c9f6e74 elementor-widget-divider--view-line elementor-invisible elementor-widget elementor-widget-divider\" data-id=\"c9f6e74\" data-element_type=\"widget\" data-settings=\"{&quot;_animation&quot;:&quot;fadeInUp&quot;,&quot;_animation_delay&quot;:300}\" data-widget_type=\"divider.default\">\n\t\t\t\t\t\t\t<div class=\"elementor-divider\">\n\t\t\t<span class=\"elementor-divider-separator\">\n\t\t\t\t\t\t<\/span>\n\t\t<\/div>\n\t\t\t\t\t\t<\/div>\n\t\t\t\t<div class=\"elementor-element elementor-element-a761914 elementor-invisible elementor-widget elementor-widget-text-editor\" data-id=\"a761914\" data-element_type=\"widget\" data-settings=\"{&quot;_animation&quot;:&quot;fadeInUp&quot;,&quot;_animation_delay&quot;:300}\" data-widget_type=\"text-editor.default\">\n\t\t\t\t\t\t\t\t\t<p>Pazartesi &#8211; Cuma:\u00a0<\/p><p>11:00 &#8211; 02:00<\/p><p>Cumartesi &#8211; Pazar:\u00a0<\/p><p>11:00 &#8211; 02:00<\/p>\t\t\t\t\t\t\t\t<\/div>\n\t\t<div class=\"elementor-element elementor-element-9534f7f e-con-full e-flex e-con e-child\" data-id=\"9534f7f\" data-element_type=\"container\">\n\t\t<div class=\"elementor-element elementor-element-7195488 e-con-full e-flex elementor-invisible e-con e-child\" data-id=\"7195488\" data-element_type=\"container\" data-settings=\"{&quot;animation&quot;:&quot;fadeInUp&quot;,&quot;animation_delay&quot;:300}\">\n\t\t\t\t<div class=\"elementor-element elementor-element-b905d93 elementor-icon-list--layout-traditional elementor-list-item-link-full_width elementor-widget elementor-widget-icon-list\" data-id=\"b905d93\" data-element_type=\"widget\" data-widget_type=\"icon-list.default\">\n\t\t\t\t\t\t\t<ul class=\"elementor-icon-list-items\">\n\t\t\t\t\t\t\t<li class=\"elementor-icon-list-item\">\n\t\t\t\t\t\t\t\t\t\t<span class=\"elementor-icon-list-text\">Email:<\/span>\n\t\t\t\t\t\t\t\t\t<\/li>\n\t\t\t\t\t\t<\/ul>\n\t\t\t\t\t\t<\/div>\n\t\t\t\t<div class=\"elementor-element elementor-element-cbca2a2 elementor-icon-list--layout-inline elementor-list-item-link-full_width elementor-widget elementor-widget-icon-list\" data-id=\"cbca2a2\" data-element_type=\"widget\" data-widget_type=\"icon-list.default\">\n\t\t\t\t\t\t\t<ul class=\"elementor-icon-list-items elementor-inline-items\">\n\t\t\t\t\t\t\t<li class=\"elementor-icon-list-item elementor-inline-item\">\n\t\t\t\t\t\t\t\t\t\t<span class=\"elementor-icon-list-text\">info@ademkestaneci.com<\/span>\n\t\t\t\t\t\t\t\t\t<\/li>\n\t\t\t\t\t\t<\/ul>\n\t\t\t\t\t\t<\/div>\n\t\t\t\t<\/div>\n\t\t<div class=\"elementor-element elementor-element-06e475b e-con-full e-flex elementor-invisible e-con e-child\" data-id=\"06e475b\" data-element_type=\"container\" data-settings=\"{&quot;animation&quot;:&quot;fadeInUp&quot;,&quot;animation_delay&quot;:300}\">\n\t\t\t\t<div class=\"elementor-element elementor-element-507f1c8 elementor-icon-list--layout-traditional elementor-list-item-link-full_width elementor-widget elementor-widget-icon-list\" data-id=\"507f1c8\" data-element_type=\"widget\" data-widget_type=\"icon-list.default\">\n\t\t\t\t\t\t\t<ul class=\"elementor-icon-list-items\">\n\t\t\t\t\t\t\t<li class=\"elementor-icon-list-item\">\n\t\t\t\t\t\t\t\t\t\t<span class=\"elementor-icon-list-text\">Telefon:<\/span>\n\t\t\t\t\t\t\t\t\t<\/li>\n\t\t\t\t\t\t<\/ul>\n\t\t\t\t\t\t<\/div>\n\t\t\t\t<div class=\"elementor-element elementor-element-572cc2d elementor-icon-list--layout-traditional elementor-list-item-link-full_width elementor-widget elementor-widget-icon-list\" data-id=\"572cc2d\" data-element_type=\"widget\" data-widget_type=\"icon-list.default\">\n\t\t\t\t\t\t\t<ul class=\"elementor-icon-list-items\">\n\t\t\t\t\t\t\t<li class=\"elementor-icon-list-item\">\n\t\t\t\t\t\t\t\t\t\t<span class=\"elementor-icon-list-text\">+(90) 212 843 44 14 - 16<br><br>GSM: 0501 480 44 15<\/span>\n\t\t\t\t\t\t\t\t\t<\/li>\n\t\t\t\t\t\t<\/ul>\n\t\t\t\t\t\t<\/div>\n\t\t\t\t<\/div>\n\t\t\t\t<\/div>\n\t\t\t\t<\/div>\n\t\t\t\t<\/div>\n\t\t\t\t\t<\/div>\n\t\t\t\t<\/div>\n\t\t<div class=\"elementor-element elementor-element-d9496ef e-con-full e-flex e-con e-parent\" data-id=\"d9496ef\" data-element_type=\"container\">\n\t\t<div class=\"elementor-element elementor-element-4217d3a e-flex e-con-boxed e-con e-child\" data-id=\"4217d3a\" data-element_type=\"container\" data-settings=\"{&quot;background_background&quot;:&quot;classic&quot;}\">\n\t\t\t\t\t<div class=\"e-con-inner\">\n\t\t\t\t\t<\/div>\n\t\t\t\t<\/div>\n\t\t\t\t<\/div>\n\t\t<div class=\"elementor-element elementor-element-04b3f4a e-con-full animated-slow e-flex elementor-invisible e-con e-parent\" data-id=\"04b3f4a\" data-element_type=\"container\" data-settings=\"{&quot;animation&quot;:&quot;fadeInUp&quot;,&quot;animation_delay&quot;:300}\">\n\t\t\t\t<div class=\"elementor-element elementor-element-11e2855 animated-slow elementor-invisible elementor-widget elementor-widget-image-carousel\" data-id=\"11e2855\" data-element_type=\"widget\" data-settings=\"{&quot;slides_to_show&quot;:&quot;6&quot;,&quot;slides_to_show_laptop&quot;:&quot;5&quot;,&quot;slides_to_show_tablet&quot;:&quot;4&quot;,&quot;slides_to_show_mobile&quot;:&quot;2&quot;,&quot;slides_to_scroll&quot;:&quot;1&quot;,&quot;navigation&quot;:&quot;none&quot;,&quot;_animation&quot;:&quot;fadeInUp&quot;,&quot;_animation_delay&quot;:300,&quot;speed&quot;:500}\" data-widget_type=\"image-carousel.default\">\n\t\t\t\t\t\t\t<div class=\"elementor-image-carousel-wrapper swiper\" role=\"region\" aria-roledescription=\"carousel\" aria-label=\"Image Carousel\" dir=\"ltr\">\n\t\t\t<div class=\"elementor-image-carousel swiper-wrapper\" aria-live=\"polite\">\n\t\t\t\t\t\t\t\t<div class=\"swiper-slide\" role=\"group\" aria-roledescription=\"slide\" aria-label=\"1 \/ 5\"><a data-elementor-open-lightbox=\"yes\" data-elementor-lightbox-slideshow=\"11e2855\" data-elementor-lightbox-title=\"karisikizgara\" data-e-action-hash=\"#elementor-action%3Aaction%3Dlightbox%26settings%3DeyJpZCI6MTU1NTUsInVybCI6Imh0dHBzOlwvXC9hZGVta2VzdGFuZWNpLmNvbVwvd3AtY29udGVudFwvdXBsb2Fkc1wvMjAyNlwvMDFcL2thcmlzaWtpemdhcmEucG5nIiwic2xpZGVzaG93IjoiMTFlMjg1NSJ9\" href=\"https:\/\/ademkestaneci.com\/wp-content\/uploads\/2026\/01\/karisikizgara.png\"><figure class=\"swiper-slide-inner\"><img decoding=\"async\" class=\"swiper-slide-image\" src=\"https:\/\/ademkestaneci.com\/wp-content\/uploads\/2026\/01\/karisikizgara.png\" alt=\"karisikizgara\" \/><\/figure><\/a><\/div><div class=\"swiper-slide\" role=\"group\" aria-roledescription=\"slide\" aria-label=\"2 \/ 5\"><a data-elementor-open-lightbox=\"yes\" data-elementor-lightbox-slideshow=\"11e2855\" data-elementor-lightbox-title=\"kuzubonfile\" data-e-action-hash=\"#elementor-action%3Aaction%3Dlightbox%26settings%3DeyJpZCI6MTU1NTYsInVybCI6Imh0dHBzOlwvXC9hZGVta2VzdGFuZWNpLmNvbVwvd3AtY29udGVudFwvdXBsb2Fkc1wvMjAyNlwvMDFcL2t1enVib25maWxlLnBuZyIsInNsaWRlc2hvdyI6IjExZTI4NTUifQ%3D%3D\" href=\"https:\/\/ademkestaneci.com\/wp-content\/uploads\/2026\/01\/kuzubonfile.png\"><figure class=\"swiper-slide-inner\"><img decoding=\"async\" class=\"swiper-slide-image\" src=\"https:\/\/ademkestaneci.com\/wp-content\/uploads\/2026\/01\/kuzubonfile.png\" alt=\"kuzubonfile\" \/><\/figure><\/a><\/div><div class=\"swiper-slide\" role=\"group\" aria-roledescription=\"slide\" aria-label=\"3 \/ 5\"><a data-elementor-open-lightbox=\"yes\" data-elementor-lightbox-slideshow=\"11e2855\" data-elementor-lightbox-title=\"kuzukulbasti\" data-e-action-hash=\"#elementor-action%3Aaction%3Dlightbox%26settings%3DeyJpZCI6MTU1NTcsInVybCI6Imh0dHBzOlwvXC9hZGVta2VzdGFuZWNpLmNvbVwvd3AtY29udGVudFwvdXBsb2Fkc1wvMjAyNlwvMDFcL2t1enVrdWxiYXN0aS5wbmciLCJzbGlkZXNob3ciOiIxMWUyODU1In0%3D\" href=\"https:\/\/ademkestaneci.com\/wp-content\/uploads\/2026\/01\/kuzukulbasti.png\"><figure class=\"swiper-slide-inner\"><img decoding=\"async\" class=\"swiper-slide-image\" src=\"https:\/\/ademkestaneci.com\/wp-content\/uploads\/2026\/01\/kuzukulbasti.png\" alt=\"kuzukulbasti\" \/><\/figure><\/a><\/div><div class=\"swiper-slide\" role=\"group\" aria-roledescription=\"slide\" aria-label=\"4 \/ 5\"><a data-elementor-open-lightbox=\"yes\" data-elementor-lightbox-slideshow=\"11e2855\" data-elementor-lightbox-title=\"kuzupirzola\" data-e-action-hash=\"#elementor-action%3Aaction%3Dlightbox%26settings%3DeyJpZCI6MTU1NTgsInVybCI6Imh0dHBzOlwvXC9hZGVta2VzdGFuZWNpLmNvbVwvd3AtY29udGVudFwvdXBsb2Fkc1wvMjAyNlwvMDFcL2t1enVwaXJ6b2xhLnBuZyIsInNsaWRlc2hvdyI6IjExZTI4NTUifQ%3D%3D\" href=\"https:\/\/ademkestaneci.com\/wp-content\/uploads\/2026\/01\/kuzupirzola.png\"><figure class=\"swiper-slide-inner\"><img decoding=\"async\" class=\"swiper-slide-image\" src=\"https:\/\/ademkestaneci.com\/wp-content\/uploads\/2026\/01\/kuzupirzola.png\" alt=\"kuzupirzola\" \/><\/figure><\/a><\/div><div class=\"swiper-slide\" role=\"group\" aria-roledescription=\"slide\" aria-label=\"5 \/ 5\"><a data-elementor-open-lightbox=\"yes\" data-elementor-lightbox-slideshow=\"11e2855\" data-elementor-lightbox-title=\"kuzutandir\" data-e-action-hash=\"#elementor-action%3Aaction%3Dlightbox%26settings%3DeyJpZCI6MTU1NTksInVybCI6Imh0dHBzOlwvXC9hZGVta2VzdGFuZWNpLmNvbVwvd3AtY29udGVudFwvdXBsb2Fkc1wvMjAyNlwvMDFcL2t1enV0YW5kaXIucG5nIiwic2xpZGVzaG93IjoiMTFlMjg1NSJ9\" href=\"https:\/\/ademkestaneci.com\/wp-content\/uploads\/2026\/01\/kuzutandir.png\"><figure class=\"swiper-slide-inner\"><img decoding=\"async\" class=\"swiper-slide-image\" src=\"https:\/\/ademkestaneci.com\/wp-content\/uploads\/2026\/01\/kuzutandir.png\" alt=\"kuzutandir\" \/><\/figure><\/a><\/div>\t\t\t<\/div>\n\t\t\t\t\t\t\t\n\t\t\t\t\t\t\t\t\t<\/div>\n\t\t\t\t\t\t<\/div>\n\t\t\t\t<\/div>\n\t\t\t\t<\/div>\n\t\t","protected":false},"excerpt":{"rendered":"<p>Tazeli\u011fe ve kaliteye olan ba\u011fl\u0131l\u0131\u011f\u0131m\u0131z Bizce ola\u011fan\u00fcst\u00fc yemek deneyimi en kaliteli malzemelerle ba\u015flar. Bu y\u00fczden sadece en taze \u00fcr\u00fcnleri ve y\u00fcksek kaliteli baharatlar\u0131, genellikle g\u00fcvenilir yerel \u00e7ift\u00e7ilerden temin ediyoruz. Daha [&hellip;]<\/p>\n","protected":false},"author":1,"featured_media":0,"parent":0,"menu_order":0,"comment_status":"closed","ping_status":"closed","template":"elementor_header_footer","meta":{"_acf_changed":false,"footnotes":""},"class_list":["post-9323","page","type-page","status-publish","hentry"],"acf":[],"_links":{"self":[{"href":"https:\/\/ademkestaneci.com\/index.php?rest_route=\/wp\/v2\/pages\/9323","targetHints":{"allow":["GET"]}}],"collection":[{"href":"https:\/\/ademkestaneci.com\/index.php?rest_route=\/wp\/v2\/pages"}],"about":[{"href":"https:\/\/ademkestaneci.com\/index.php?rest_route=\/wp\/v2\/types\/page"}],"author":[{"embeddable":true,"href":"https:\/\/ademkestaneci.com\/index.php?rest_route=\/wp\/v2\/users\/1"}],"replies":[{"embeddable":true,"href":"https:\/\/ademkestaneci.com\/index.php?rest_route=%2Fwp%2Fv2%2Fcomments&post=9323"}],"version-history":[{"count":20,"href":"https:\/\/ademkestaneci.com\/index.php?rest_route=\/wp\/v2\/pages\/9323\/revisions"}],"predecessor-version":[{"id":15949,"href":"https:\/\/ademkestaneci.com\/index.php?rest_route=\/wp\/v2\/pages\/9323\/revisions\/15949"}],"wp:attachment":[{"href":"https:\/\/ademkestaneci.com\/index.php?rest_route=%2Fwp%2Fv2%2Fmedia&parent=9323"}],"curies":[{"name":"wp","href":"https:\/\/api.w.org\/{rel}","templated":true}]}}