{"id":9617,"date":"2025-07-18T12:21:07","date_gmt":"2025-07-18T12:21:07","guid":{"rendered":"https:\/\/themes.potenzaglobalsolutions.com\/sizlo\/?page_id=9617"},"modified":"2026-02-26T11:18:38","modified_gmt":"2026-02-26T08:18:38","slug":"contact-us","status":"publish","type":"page","link":"https:\/\/ademkestaneci.com\/?page_id=9617","title":{"rendered":"\u0130leti\u015fim"},"content":{"rendered":"\t\t<div data-elementor-type=\"wp-page\" data-elementor-id=\"9617\" class=\"elementor elementor-9617\">\n\t\t\t\t<div class=\"elementor-element elementor-element-cc8fde4 e-flex e-con-boxed elementor-invisible e-con e-parent\" data-id=\"cc8fde4\" data-element_type=\"container\" data-settings=\"{&quot;animation&quot;:&quot;fadeInUp&quot;,&quot;animation_delay&quot;:300}\">\n\t\t\t\t\t<div class=\"e-con-inner\">\n\t\t<div class=\"elementor-element elementor-element-47786aa e-con-full e-flex e-con e-child\" data-id=\"47786aa\" data-element_type=\"container\">\n\t\t\t\t<div class=\"elementor-element elementor-element-011340b elementor-widget elementor-widget-heading\" data-id=\"011340b\" data-element_type=\"widget\" data-widget_type=\"heading.default\">\n\t\t\t\t\t<h2 class=\"elementor-heading-title elementor-size-default\">Sorular\u0131n\u0131z m\u0131 var?  \u0130leti\u015fime ge\u00e7in !<\/h2>\t\t\t\t<\/div>\n\t\t\t\t<div class=\"elementor-element elementor-element-61ec060 elementor-widget elementor-widget-text-editor\" data-id=\"61ec060\" data-element_type=\"widget\" data-widget_type=\"text-editor.default\">\n\t\t\t\t\t\t\t\t\t<p>\u00dcr\u00fcn bilgilendirme Rezervasyon, etkinlik kayd\u0131, geri bildirim gibi konularda bizimle ileti\u015fime ge\u00e7in; ekibimiz size yard\u0131mc\u0131 olmak ve deneyiminizin sorunsuz ve keyifli ge\u00e7mesini sa\u011flamak i\u00e7in burada.<\/p>\t\t\t\t\t\t\t\t<\/div>\n\t\t<div class=\"elementor-element elementor-element-352b80c e-grid e-con-full e-con e-child\" data-id=\"352b80c\" data-element_type=\"container\">\n\t\t<div class=\"elementor-element elementor-element-259ed90 e-con-full e-flex e-con e-child\" data-id=\"259ed90\" data-element_type=\"container\">\n\t\t\t\t<div class=\"elementor-element elementor-element-7bdcdf9 elementor-widget elementor-widget-heading\" data-id=\"7bdcdf9\" data-element_type=\"widget\" data-widget_type=\"heading.default\">\n\t\t\t\t\t<h2 class=\"elementor-heading-title elementor-size-default\">Adres Konum Bilgi<\/h2>\t\t\t\t<\/div>\n\t\t\t\t<div class=\"elementor-element elementor-element-a5388df elementor-widget elementor-widget-text-editor\" data-id=\"a5388df\" data-element_type=\"widget\" data-widget_type=\"text-editor.default\">\n\t\t\t\t\t\t\t\t\t<p>Halkal\u0131 Merkez Mah\u00a0 246. Sokak Sevin\u00e7\u00a0 Apartman\u0131 NO: 9 \/A K\u00fc\u00e7\u00fck\u00e7ekmece \u0130stanbul<\/p>\t\t\t\t\t\t\t\t<\/div>\n\t\t\t\t<\/div>\n\t\t<div class=\"elementor-element elementor-element-931aa1f e-con-full e-flex e-con e-child\" data-id=\"931aa1f\" data-element_type=\"container\">\n\t\t\t\t<div class=\"elementor-element elementor-element-5c3aec0 elementor-widget elementor-widget-heading\" data-id=\"5c3aec0\" data-element_type=\"widget\" data-widget_type=\"heading.default\">\n\t\t\t\t\t<h2 class=\"elementor-heading-title elementor-size-default\">Tel Numaralar\u0131m\u0131z<\/h2>\t\t\t\t<\/div>\n\t\t\t\t<div class=\"elementor-element elementor-element-e92f904 elementor-widget elementor-widget-text-editor\" data-id=\"e92f904\" data-element_type=\"widget\" data-widget_type=\"text-editor.default\">\n\t\t\t\t\t\t\t\t\t<p>+(90) 212-843 &#8211; 44 14\u00a0<\/p><p>+(90) 212-843 &#8211; 44 16<\/p><p>+(90) 501-480-44-15\u00a0<\/p>\t\t\t\t\t\t\t\t<\/div>\n\t\t\t\t<\/div>\n\t\t<div class=\"elementor-element elementor-element-4c712a3 e-con-full e-flex e-con e-child\" data-id=\"4c712a3\" data-element_type=\"container\">\n\t\t\t\t<div class=\"elementor-element elementor-element-6f53c13 elementor-widget elementor-widget-heading\" data-id=\"6f53c13\" data-element_type=\"widget\" data-widget_type=\"heading.default\">\n\t\t\t\t\t<h2 class=\"elementor-heading-title elementor-size-default\">Email Adres<\/h2>\t\t\t\t<\/div>\n\t\t\t\t<div class=\"elementor-element elementor-element-4a95a0d elementor-widget elementor-widget-text-editor\" data-id=\"4a95a0d\" data-element_type=\"widget\" data-widget_type=\"text-editor.default\">\n\t\t\t\t\t\t\t\t\t<p>info@ademkestaneci.com<\/p>\t\t\t\t\t\t\t\t<\/div>\n\t\t\t\t<\/div>\n\t\t<div class=\"elementor-element elementor-element-79db236 e-con-full e-flex e-con e-child\" data-id=\"79db236\" data-element_type=\"container\">\n\t\t\t\t<div class=\"elementor-element elementor-element-04c365f elementor-widget elementor-widget-heading\" data-id=\"04c365f\" data-element_type=\"widget\" data-widget_type=\"heading.default\">\n\t\t\t\t\t<h2 class=\"elementor-heading-title elementor-size-default\">\u00c7al\u0131\u015fma Saatleri<\/h2>\t\t\t\t<\/div>\n\t\t\t\t<div class=\"elementor-element elementor-element-461d8c7 elementor-widget elementor-widget-text-editor\" data-id=\"461d8c7\" data-element_type=\"widget\" data-widget_type=\"text-editor.default\">\n\t\t\t\t\t\t\t\t\t<p>Herg\u00fcn : 11:00- 02.00<\/p>\n<p><br><\/p>\n<p>TICKET ve METROPOL kart\u0131 ge\u00e7erlidir<\/p>\t\t\t\t\t\t\t\t<\/div>\n\t\t\t\t<\/div>\n\t\t\t\t<\/div>\n\t\t\t\t<\/div>\n\t\t\t\t\t<\/div>\n\t\t\t\t<\/div>\n\t\t<div class=\"elementor-element elementor-element-64ebd81 e-con-full animated-slow e-flex elementor-invisible e-con e-parent\" data-id=\"64ebd81\" data-element_type=\"container\" data-settings=\"{&quot;animation&quot;:&quot;fadeInUp&quot;,&quot;animation_delay&quot;:300}\">\n\t\t\t\t<\/div>\n\t\t<div class=\"elementor-element elementor-element-1a16b42 e-flex e-con-boxed e-con e-parent\" data-id=\"1a16b42\" data-element_type=\"container\">\n\t\t\t\t\t<div class=\"e-con-inner\">\n\t\t\t\t\t<\/div>\n\t\t\t\t<\/div>\n\t\t<div class=\"elementor-element elementor-element-7f19cf3 e-flex e-con-boxed e-con e-parent\" data-id=\"7f19cf3\" data-element_type=\"container\">\n\t\t\t\t\t<div class=\"e-con-inner\">\n\t\t\t\t<div class=\"elementor-element elementor-element-ff04386 elementor-widget elementor-widget-google_maps\" data-id=\"ff04386\" data-element_type=\"widget\" data-widget_type=\"google_maps.default\">\n\t\t\t\t\t\t\t<div class=\"elementor-custom-embed\">\n\t\t\t<iframe loading=\"lazy\"\n\t\t\t\t\tsrc=\"https:\/\/maps.google.com\/maps?q=Halkal%C4%B1%20Merkez%20Mah%20%20246.%20Sokak%20Sevin%C3%A7%20%20Apartman%C4%B1%20NO%3A%209%20%2FA%20K%C3%BC%C3%A7%C3%BCk%C3%A7ekmece%20istanbul&#038;t=m&#038;z=6&#038;output=embed&#038;iwloc=near\"\n\t\t\t\t\ttitle=\"Halkal\u0131 Merkez Mah  246. Sokak Sevin\u00e7  Apartman\u0131 NO: 9 \/A K\u00fc\u00e7\u00fck\u00e7ekmece istanbul\"\n\t\t\t\t\taria-label=\"Halkal\u0131 Merkez Mah  246. Sokak Sevin\u00e7  Apartman\u0131 NO: 9 \/A K\u00fc\u00e7\u00fck\u00e7ekmece istanbul\"\n\t\t\t><\/iframe>\n\t\t<\/div>\n\t\t\t\t\t\t<\/div>\n\t\t\t\t\t<\/div>\n\t\t\t\t<\/div>\n\t\t<div class=\"elementor-element elementor-element-23e2bae e-flex e-con-boxed e-con e-parent\" data-id=\"23e2bae\" data-element_type=\"container\">\n\t\t\t\t\t<div class=\"e-con-inner\">\n\t\t\t\t\t<\/div>\n\t\t\t\t<\/div>\n\t\t\t\t<\/div>\n\t\t","protected":false},"excerpt":{"rendered":"<p>Sorular\u0131n\u0131z m\u0131 var? \u0130leti\u015fime ge\u00e7in ! \u00dcr\u00fcn bilgilendirme Rezervasyon, etkinlik kayd\u0131, geri bildirim gibi konularda bizimle ileti\u015fime ge\u00e7in; ekibimiz size yard\u0131mc\u0131 olmak ve deneyiminizin sorunsuz ve keyifli ge\u00e7mesini sa\u011flamak i\u00e7in [&hellip;]<\/p>\n","protected":false},"author":1,"featured_media":15619,"parent":0,"menu_order":0,"comment_status":"closed","ping_status":"closed","template":"elementor_header_footer","meta":{"_acf_changed":false,"footnotes":""},"class_list":["post-9617","page","type-page","status-publish","has-post-thumbnail","hentry"],"acf":[],"_links":{"self":[{"href":"https:\/\/ademkestaneci.com\/index.php?rest_route=\/wp\/v2\/pages\/9617","targetHints":{"allow":["GET"]}}],"collection":[{"href":"https:\/\/ademkestaneci.com\/index.php?rest_route=\/wp\/v2\/pages"}],"about":[{"href":"https:\/\/ademkestaneci.com\/index.php?rest_route=\/wp\/v2\/types\/page"}],"author":[{"embeddable":true,"href":"https:\/\/ademkestaneci.com\/index.php?rest_route=\/wp\/v2\/users\/1"}],"replies":[{"embeddable":true,"href":"https:\/\/ademkestaneci.com\/index.php?rest_route=%2Fwp%2Fv2%2Fcomments&post=9617"}],"version-history":[{"count":53,"href":"https:\/\/ademkestaneci.com\/index.php?rest_route=\/wp\/v2\/pages\/9617\/revisions"}],"predecessor-version":[{"id":15946,"href":"https:\/\/ademkestaneci.com\/index.php?rest_route=\/wp\/v2\/pages\/9617\/revisions\/15946"}],"wp:featuredmedia":[{"embeddable":true,"href":"https:\/\/ademkestaneci.com\/index.php?rest_route=\/wp\/v2\/media\/15619"}],"wp:attachment":[{"href":"https:\/\/ademkestaneci.com\/index.php?rest_route=%2Fwp%2Fv2%2Fmedia&parent=9617"}],"curies":[{"name":"wp","href":"https:\/\/api.w.org\/{rel}","templated":true}]}}